{"id":3912,"date":"2022-01-20T10:31:17","date_gmt":"2022-01-20T10:31:17","guid":{"rendered":"https:\/\/dev.bezpecnenanete.eset.com\/sk\/?page_id=3912"},"modified":"2022-08-31T17:30:47","modified_gmt":"2022-08-31T15:30:47","slug":"o-bezpecne-vo-firme-2","status":"publish","type":"page","link":"https:\/\/bezpecnevofirme.eset.com\/sk\/o-bezpecne-vo-firme-2\/","title":{"rendered":"O Bezpe\u010dne vo firme"},"content":{"rendered":"\n<h2 class=\"wp-block-heading\" id=\"h-o-bezpe-ne-na-nete\">O&nbsp;Bezpe\u010dne vo firme<\/h2>\n\n\n\n<p class=\"has-text-dark-color has-text-color\">Bezpe\u010dne vo firme je vzdel\u00e1vac\u00ed a informa\u010dn\u00fd port\u00e1l, ktor\u00e9ho cie\u013eom je \u013eudskou re\u010dou poskytn\u00fa\u0165 firm\u00e1m \u0161irok\u00fd preh\u013ead o najnov\u0161\u00edch aj zn\u00e1mych n\u00e1strah\u00e1ch digit\u00e1lneho sveta po vzore u\u017e etablovanej str\u00e1nky <a href=\"https:\/\/bezpecnenanete.eset.com\/sk\/\" target=\"_blank\" rel=\"noreferrer noopener\">Bezpe\u010dne na nete<\/a>, ur\u010denej pre segment dom\u00e1cnost\u00ed. Na <strong>Bezpe\u010dne vo firme<\/strong> n\u00e1jdu podnetn\u00e9 inform\u00e1cie \u0161pecialisti zodpovedn\u00ed za kybernetick\u00fa bezpe\u010dnos\u0165, mana\u017e\u00e9ri aj radov\u00ed zamestnanci.<\/p>\n\n\n\n<h3 class=\"wp-block-heading\">Cybernews<\/h3>\n\n\n\n<p>V \u010dasti <strong>Cybernews <\/strong>n\u00e1jdete novinky zo sveta firemnej kyberbezpe\u010dnosti, do\u010d\u00edtate sa o aktu\u00e1lnych hrozb\u00e1ch aj o najnov\u0161\u00edch zisteniach v\u00fdskumn\u00edkov spolo\u010dnosti ESET.<\/p>\n\n\n\n<h3 class=\"wp-block-heading\">Firemn\u00e1 bezpe\u010dnos\u0165<\/h3>\n\n\n\n<p>V sekcii <strong>Firemn\u00e1 bezpe\u010dnos\u0165<\/strong> n\u00e1jdete praktick\u00e9 rady o tom, ako sa chr\u00e1ni\u0165 pred jednotliv\u00fdmi hrozbami. <\/p>\n\n\n\n<h4 class=\"wp-block-heading\">De\u0161ifrujeme pre v\u00e1s<\/h4>\n\n\n\n<p>Rubrika <strong>De\u0161ifrujeme pre v\u00e1s <\/strong>pribl\u00ed\u017ei \u010ditate\u013eom probl\u00e9my a pojmy, ktor\u00fdmi sa zaoberaj\u00fa profesion\u00e1li na kybernetick\u00fa bezpe\u010dnos\u0165. Zosta\u0165 v obraze znamen\u00e1 by\u0165 o krok vpred pred \u00fato\u010dn\u00edkmi. <\/p>\n\n\n\n<h4 class=\"wp-block-heading\">Vzdel\u00e1vanie zamestnancov<\/h4>\n\n\n\n<p>Komplexn\u00e1 digit\u00e1lna ochrana si v dne\u0161nej dobe vy\u017eaduje viac ako \u0161pi\u010dkov\u00fa obrann\u00fa technol\u00f3giu. Z\u00e1sadn\u00fa \u00falohu pri zabezpe\u010den\u00ed organiz\u00e1ci\u00ed zohr\u00e1vaj\u00fa samotn\u00ed zamestnanci a ich znalosti. Pre zamestnancov a ich mana\u017e\u00e9rov sme pripravili obsah, ktor\u00fd prispeje ku kybernetickej odolnosti firiem. <\/p>\n\n\n\n<h4 class=\"wp-block-heading\">10 najv\u00e4\u010d\u0161\u00edch hrozieb<\/h4>\n\n\n\n<p>Experti spolo\u010dnosti ESET si pripravili pre \u010ditate\u013eov seri\u00e1l, v r\u00e1mci ktor\u00e9ho sa ka\u017ed\u00fd mesiac bli\u017e\u0161ie pozr\u00fa na konkr\u00e9tnu bezpe\u010dnostn\u00fa v\u00fdzvu. <\/p>\n\n\n\n<h3 class=\"wp-block-heading\">Odbornos\u0165 spolo\u010dnosti ESET <\/h3>\n\n\n\n<p>Slovensk\u00e1 spolo\u010dnos\u0165 ESET patr\u00ed ku glob\u00e1lnym l\u00eddrom v oblasti kybernetickej bezpe\u010dnosti. Jej \u0161pi\u010dkov\u00fd softv\u00e9r chr\u00e1ni pred digit\u00e1lnymi n\u00e1strahami viac ako 110-mili\u00f3nov pou\u017e\u00edvate\u013eov po celom svete. Stovky expertov spolo\u010dnosti ESET v trin\u00e1stich v\u00fdskumn\u00fdch a v\u00fdvojov\u00fdch centr\u00e1ch ka\u017ed\u00fd de\u0148 dohliadaj\u00fa na to, aby bezpe\u010dnostn\u00e9 rie\u0161enia v\u017edy dr\u017eali krok s rozv\u00edjaj\u00facim sa technologick\u00fdm progresom a ochr\u00e1nili z\u00e1kazn\u00edkov aj pred t\u00fdmi najvyspelej\u0161\u00edmi hrozbami.<\/p>\n\n\n\n<h4 class=\"wp-block-heading\">Expertn\u00e9 publik\u00e1cie<\/h4>\n\n\n\n<p>Okrem v\u00fdvoja \u0161pi\u010dkov\u00fdch bezpe\u010dnostn\u00fdch rie\u0161en\u00ed sa odborn\u00edci spolo\u010dnosti ESET intenz\u00edvne venuj\u00fa aj v\u00fdskumu \u0161kodliv\u00e9ho k\u00f3du a anal\u00fdze najnov\u0161\u00edch bezpe\u010dnostn\u00fdch hrozieb. Svoje poznatky trikr\u00e1t do roka zhrn\u00fa v re\u0161pektovan\u00fdch publik\u00e1ciach ESET Threat Report, ktor\u00e9 n\u00e1jdete na tejto str\u00e1nke. Okrem toho na Bezpe\u010dne vo firme n\u00e1jdete aj praktick\u00e9 pr\u00edru\u010dky, ktor\u00e9 v\u00e1m poskytn\u00fa podrobn\u00e9 inform\u00e1cie o r\u00f4znych bezpe\u010dnostn\u00fdch hrozb\u00e1ch, vr\u00e1tane ransomv\u00e9ru \u010di soci\u00e1lneho in\u017einierstva.  <\/p>\n\n\n\n<h4 class=\"wp-block-heading\">Ide\u00e1lna \u00farove\u0148 zabezpe\u010denia pre va\u0161u firmu<\/h4>\n\n\n\n<p>MDR, XDR, alebo cloudov\u00fd sandbox? Vyzna\u0165 sa v komplexn\u00fdch bezpe\u010dnostn\u00fdch rie\u0161eniach pre firmy m\u00f4\u017ee by\u0165 n\u00e1ro\u010dn\u00e9. Pripravili sme preto produktov\u00fa pyram\u00eddu, ktor\u00e1 preh\u013eadne popisuje \u00farovne zabezpe\u010denia rie\u0161eniami spolo\u010dnosti ESET a prevedie v\u00e1s jednotliv\u00fdmi funkciami bezpe\u010dnostn\u00fdch produktov. <\/p>\n\n\n\n<h4 class=\"wp-block-heading\">Bezpe\u010dnostn\u00e1 konferencia ESET Security Days<\/h4>\n\n\n\n<p>ESET ka\u017ed\u00fd rok organizuje uzn\u00e1van\u00fa bezpe\u010dnostn\u00fa konferenciu, na ktorej vystupuj\u00fa popredn\u00ed experti na kybernetick\u00fa bezpe\u010dnos\u0165. Nestihli ste ich prezent\u00e1cie? Na Bezpe\u010dne vo firme sme pre v\u00e1s pripravili arch\u00edv, v ktorom n\u00e1jdete v\u0161etky podnetn\u00e9 vyst\u00fapenia. <\/p>\n","protected":false},"excerpt":{"rendered":"<p>O&nbsp;Bezpe\u010dne vo firme Bezpe\u010dne vo firme je vzdel\u00e1vac\u00ed a informa\u010dn\u00fd port\u00e1l, ktor\u00e9ho cie\u013eom je \u013eudskou re\u010dou poskytn\u00fa\u0165 firm\u00e1m \u0161irok\u00fd preh\u013ead o najnov\u0161\u00edch aj zn\u00e1mych n\u00e1strah\u00e1ch digit\u00e1lneho sveta po vzore u\u017e etablovanej str\u00e1nky Bezpe\u010dne na nete, ur\u010denej pre segment dom\u00e1cnost\u00ed. Na Bezpe\u010dne vo firme n\u00e1jdu podnetn\u00e9 inform\u00e1cie \u0161pecialisti zodpovedn\u00ed za kybernetick\u00fa bezpe\u010dnos\u0165, mana\u017e\u00e9ri aj radov\u00ed zamestnanci. Cybernews V \u010dasti Cybernews n\u00e1jdete novinky zo&hellip;<\/p>\n","protected":false},"author":7,"featured_media":0,"parent":0,"menu_order":0,"comment_status":"closed","ping_status":"closed","template":"","meta":{"_coblocks_attr":"","_coblocks_dimensions":"","_coblocks_responsive_height":"","_coblocks_accordion_ie_support":"","footnotes":""},"class_list":["post-3912","page","type-page","status-publish","hentry"],"yoast_head":"<!-- This site is optimized with the Yoast SEO plugin v27.3 - https:\/\/yoast.com\/product\/yoast-seo-wordpress\/ -->\n<title>O Bezpe\u010dne vo firme - Bezpe\u010dne vo firme | ESET<\/title>\n<meta name=\"robots\" content=\"index, follow, max-snippet:-1, max-image-preview:large, max-video-preview:-1\" \/>\n<link rel=\"canonical\" href=\"https:\/\/bezpecnevofirme.eset.com\/sk\/o-bezpecne-vo-firme-2\/\" \/>\n<meta property=\"og:locale\" content=\"sk_SK\" \/>\n<meta property=\"og:type\" content=\"article\" \/>\n<meta property=\"og:title\" content=\"O Bezpe\u010dne vo firme - Bezpe\u010dne vo firme | ESET\" \/>\n<meta property=\"og:description\" content=\"O&nbsp;Bezpe\u010dne vo firme Bezpe\u010dne vo firme je vzdel\u00e1vac\u00ed a informa\u010dn\u00fd port\u00e1l, ktor\u00e9ho cie\u013eom je \u013eudskou re\u010dou poskytn\u00fa\u0165 firm\u00e1m \u0161irok\u00fd preh\u013ead o najnov\u0161\u00edch aj zn\u00e1mych n\u00e1strah\u00e1ch digit\u00e1lneho sveta po vzore u\u017e etablovanej str\u00e1nky Bezpe\u010dne na nete, ur\u010denej pre segment dom\u00e1cnost\u00ed. Na Bezpe\u010dne vo firme n\u00e1jdu podnetn\u00e9 inform\u00e1cie \u0161pecialisti zodpovedn\u00ed za kybernetick\u00fa bezpe\u010dnos\u0165, mana\u017e\u00e9ri aj radov\u00ed zamestnanci. Cybernews V \u010dasti Cybernews n\u00e1jdete novinky zo&hellip;\" \/>\n<meta property=\"og:url\" content=\"https:\/\/bezpecnevofirme.eset.com\/sk\/o-bezpecne-vo-firme-2\/\" \/>\n<meta property=\"og:site_name\" content=\"Bezpe\u010dne vo firme | ESET\" \/>\n<meta property=\"article:modified_time\" content=\"2022-08-31T15:30:47+00:00\" \/>\n<meta name=\"twitter:card\" content=\"summary_large_image\" \/>\n<meta name=\"twitter:label1\" content=\"Predpokladan\u00fd \u010das \u010d\u00edtania\" \/>\n\t<meta name=\"twitter:data1\" content=\"3 min\u00faty\" \/>\n<script type=\"application\/ld+json\" class=\"yoast-schema-graph\">{\"@context\":\"https:\\\/\\\/schema.org\",\"@graph\":[{\"@type\":\"WebPage\",\"@id\":\"https:\\\/\\\/bezpecnevofirme.eset.com\\\/sk\\\/o-bezpecne-vo-firme-2\\\/\",\"url\":\"https:\\\/\\\/bezpecnevofirme.eset.com\\\/sk\\\/o-bezpecne-vo-firme-2\\\/\",\"name\":\"O Bezpe\u010dne vo firme - Bezpe\u010dne vo firme | ESET\",\"isPartOf\":{\"@id\":\"https:\\\/\\\/bezpecnevofirme.eset.com\\\/sk\\\/#website\"},\"datePublished\":\"2022-01-20T10:31:17+00:00\",\"dateModified\":\"2022-08-31T15:30:47+00:00\",\"breadcrumb\":{\"@id\":\"https:\\\/\\\/bezpecnevofirme.eset.com\\\/sk\\\/o-bezpecne-vo-firme-2\\\/#breadcrumb\"},\"inLanguage\":\"sk-SK\",\"potentialAction\":[{\"@type\":\"ReadAction\",\"target\":[\"https:\\\/\\\/bezpecnevofirme.eset.com\\\/sk\\\/o-bezpecne-vo-firme-2\\\/\"]}]},{\"@type\":\"BreadcrumbList\",\"@id\":\"https:\\\/\\\/bezpecnevofirme.eset.com\\\/sk\\\/o-bezpecne-vo-firme-2\\\/#breadcrumb\",\"itemListElement\":[{\"@type\":\"ListItem\",\"position\":1,\"name\":\"Domovsk\u00e1 str\u00e1nka\",\"item\":\"https:\\\/\\\/bezpecnevofirme.eset.com\\\/sk\\\/\"},{\"@type\":\"ListItem\",\"position\":2,\"name\":\"O Bezpe\u010dne vo firme\"}]},{\"@type\":\"WebSite\",\"@id\":\"https:\\\/\\\/bezpecnevofirme.eset.com\\\/sk\\\/#website\",\"url\":\"https:\\\/\\\/bezpecnevofirme.eset.com\\\/sk\\\/\",\"name\":\"Bezpe\u010dne vo firme | ESET\",\"description\":\"\",\"publisher\":{\"@id\":\"https:\\\/\\\/bezpecnevofirme.eset.com\\\/sk\\\/#organization\"},\"potentialAction\":[{\"@type\":\"SearchAction\",\"target\":{\"@type\":\"EntryPoint\",\"urlTemplate\":\"https:\\\/\\\/bezpecnevofirme.eset.com\\\/sk\\\/?s={search_term_string}\"},\"query-input\":{\"@type\":\"PropertyValueSpecification\",\"valueRequired\":true,\"valueName\":\"search_term_string\"}}],\"inLanguage\":\"sk-SK\"},{\"@type\":\"Organization\",\"@id\":\"https:\\\/\\\/bezpecnevofirme.eset.com\\\/sk\\\/#organization\",\"name\":\"Bezpe\u010dne vo firme | ESET\",\"url\":\"https:\\\/\\\/bezpecnevofirme.eset.com\\\/sk\\\/\",\"logo\":{\"@type\":\"ImageObject\",\"inLanguage\":\"sk-SK\",\"@id\":\"https:\\\/\\\/bezpecnevofirme.eset.com\\\/sk\\\/#\\\/schema\\\/logo\\\/image\\\/\",\"url\":\"https:\\\/\\\/bezpecnevofirme.eset.com\\\/sk\\\/wp-content\\\/uploads\\\/sites\\\/2\\\/2022\\\/08\\\/BVF_logo_svg_new.svg\",\"contentUrl\":\"https:\\\/\\\/bezpecnevofirme.eset.com\\\/sk\\\/wp-content\\\/uploads\\\/sites\\\/2\\\/2022\\\/08\\\/BVF_logo_svg_new.svg\",\"caption\":\"Bezpe\u010dne vo firme | ESET\"},\"image\":{\"@id\":\"https:\\\/\\\/bezpecnevofirme.eset.com\\\/sk\\\/#\\\/schema\\\/logo\\\/image\\\/\"}}]}<\/script>\n<!-- \/ Yoast SEO plugin. -->","yoast_head_json":{"title":"O Bezpe\u010dne vo firme - Bezpe\u010dne vo firme | ESET","robots":{"index":"index","follow":"follow","max-snippet":"max-snippet:-1","max-image-preview":"max-image-preview:large","max-video-preview":"max-video-preview:-1"},"canonical":"https:\/\/bezpecnevofirme.eset.com\/sk\/o-bezpecne-vo-firme-2\/","og_locale":"sk_SK","og_type":"article","og_title":"O Bezpe\u010dne vo firme - Bezpe\u010dne vo firme | ESET","og_description":"O&nbsp;Bezpe\u010dne vo firme Bezpe\u010dne vo firme je vzdel\u00e1vac\u00ed a informa\u010dn\u00fd port\u00e1l, ktor\u00e9ho cie\u013eom je \u013eudskou re\u010dou poskytn\u00fa\u0165 firm\u00e1m \u0161irok\u00fd preh\u013ead o najnov\u0161\u00edch aj zn\u00e1mych n\u00e1strah\u00e1ch digit\u00e1lneho sveta po vzore u\u017e etablovanej str\u00e1nky Bezpe\u010dne na nete, ur\u010denej pre segment dom\u00e1cnost\u00ed. Na Bezpe\u010dne vo firme n\u00e1jdu podnetn\u00e9 inform\u00e1cie \u0161pecialisti zodpovedn\u00ed za kybernetick\u00fa bezpe\u010dnos\u0165, mana\u017e\u00e9ri aj radov\u00ed zamestnanci. Cybernews V \u010dasti Cybernews n\u00e1jdete novinky zo&hellip;","og_url":"https:\/\/bezpecnevofirme.eset.com\/sk\/o-bezpecne-vo-firme-2\/","og_site_name":"Bezpe\u010dne vo firme | ESET","article_modified_time":"2022-08-31T15:30:47+00:00","twitter_card":"summary_large_image","twitter_misc":{"Predpokladan\u00fd \u010das \u010d\u00edtania":"3 min\u00faty"},"schema":{"@context":"https:\/\/schema.org","@graph":[{"@type":"WebPage","@id":"https:\/\/bezpecnevofirme.eset.com\/sk\/o-bezpecne-vo-firme-2\/","url":"https:\/\/bezpecnevofirme.eset.com\/sk\/o-bezpecne-vo-firme-2\/","name":"O Bezpe\u010dne vo firme - Bezpe\u010dne vo firme | ESET","isPartOf":{"@id":"https:\/\/bezpecnevofirme.eset.com\/sk\/#website"},"datePublished":"2022-01-20T10:31:17+00:00","dateModified":"2022-08-31T15:30:47+00:00","breadcrumb":{"@id":"https:\/\/bezpecnevofirme.eset.com\/sk\/o-bezpecne-vo-firme-2\/#breadcrumb"},"inLanguage":"sk-SK","potentialAction":[{"@type":"ReadAction","target":["https:\/\/bezpecnevofirme.eset.com\/sk\/o-bezpecne-vo-firme-2\/"]}]},{"@type":"BreadcrumbList","@id":"https:\/\/bezpecnevofirme.eset.com\/sk\/o-bezpecne-vo-firme-2\/#breadcrumb","itemListElement":[{"@type":"ListItem","position":1,"name":"Domovsk\u00e1 str\u00e1nka","item":"https:\/\/bezpecnevofirme.eset.com\/sk\/"},{"@type":"ListItem","position":2,"name":"O Bezpe\u010dne vo firme"}]},{"@type":"WebSite","@id":"https:\/\/bezpecnevofirme.eset.com\/sk\/#website","url":"https:\/\/bezpecnevofirme.eset.com\/sk\/","name":"Bezpe\u010dne vo firme | ESET","description":"","publisher":{"@id":"https:\/\/bezpecnevofirme.eset.com\/sk\/#organization"},"potentialAction":[{"@type":"SearchAction","target":{"@type":"EntryPoint","urlTemplate":"https:\/\/bezpecnevofirme.eset.com\/sk\/?s={search_term_string}"},"query-input":{"@type":"PropertyValueSpecification","valueRequired":true,"valueName":"search_term_string"}}],"inLanguage":"sk-SK"},{"@type":"Organization","@id":"https:\/\/bezpecnevofirme.eset.com\/sk\/#organization","name":"Bezpe\u010dne vo firme | ESET","url":"https:\/\/bezpecnevofirme.eset.com\/sk\/","logo":{"@type":"ImageObject","inLanguage":"sk-SK","@id":"https:\/\/bezpecnevofirme.eset.com\/sk\/#\/schema\/logo\/image\/","url":"https:\/\/bezpecnevofirme.eset.com\/sk\/wp-content\/uploads\/sites\/2\/2022\/08\/BVF_logo_svg_new.svg","contentUrl":"https:\/\/bezpecnevofirme.eset.com\/sk\/wp-content\/uploads\/sites\/2\/2022\/08\/BVF_logo_svg_new.svg","caption":"Bezpe\u010dne vo firme | ESET"},"image":{"@id":"https:\/\/bezpecnevofirme.eset.com\/sk\/#\/schema\/logo\/image\/"}}]}},"post_mailing_queue_ids":[],"_links":{"self":[{"href":"https:\/\/bezpecnevofirme.eset.com\/sk\/wp-json\/wp\/v2\/pages\/3912","targetHints":{"allow":["GET"]}}],"collection":[{"href":"https:\/\/bezpecnevofirme.eset.com\/sk\/wp-json\/wp\/v2\/pages"}],"about":[{"href":"https:\/\/bezpecnevofirme.eset.com\/sk\/wp-json\/wp\/v2\/types\/page"}],"author":[{"embeddable":true,"href":"https:\/\/bezpecnevofirme.eset.com\/sk\/wp-json\/wp\/v2\/users\/7"}],"replies":[{"embeddable":true,"href":"https:\/\/bezpecnevofirme.eset.com\/sk\/wp-json\/wp\/v2\/comments?post=3912"}],"version-history":[{"count":4,"href":"https:\/\/bezpecnevofirme.eset.com\/sk\/wp-json\/wp\/v2\/pages\/3912\/revisions"}],"predecessor-version":[{"id":4278,"href":"https:\/\/bezpecnevofirme.eset.com\/sk\/wp-json\/wp\/v2\/pages\/3912\/revisions\/4278"}],"wp:attachment":[{"href":"https:\/\/bezpecnevofirme.eset.com\/sk\/wp-json\/wp\/v2\/media?parent=3912"}],"curies":[{"name":"wp","href":"https:\/\/api.w.org\/{rel}","templated":true}]}}