{"id":4005,"date":"2022-08-19T13:09:59","date_gmt":"2022-08-19T13:09:59","guid":{"rendered":"https:\/\/dev.bezpecnenanete.eset.com\/sk\/?page_id=4005"},"modified":"2022-09-21T14:52:12","modified_gmt":"2022-09-21T12:52:12","slug":"eset-riesenia-pre-firmy","status":"publish","type":"page","link":"https:\/\/bezpecnevofirme.eset.com\/sk\/eset-riesenia-pre-firmy\/","title":{"rendered":"ESET rie\u0161enia pre firmy"},"content":{"rendered":"\n<p>MDR, XDR, alebo cloudov\u00fd sandbox? Vyzna\u0165 sa v komplexn\u00fdch bezpe\u010dnostn\u00fdch rie\u0161eniach pre firmy m\u00f4\u017ee by\u0165 n\u00e1ro\u010dn\u00e9. Pripravili sme pre v\u00e1s produktov\u00fa pyram\u00eddu, ktor\u00e1 preh\u013eadne popisuje \u00farovne zabezpe\u010denia rie\u0161eniami spolo\u010dnosti ESET a prevedie v\u00e1s jednotliv\u00fdmi funkciami bezpe\u010dnostn\u00fdch produktov.<\/p>\n\n\n\n<div style=\"height:30px\" aria-hidden=\"true\" class=\"wp-block-spacer\"><\/div>\n","protected":false},"excerpt":{"rendered":"<p>MDR, XDR, alebo cloudov\u00fd sandbox? Vyzna\u0165 sa v komplexn\u00fdch bezpe\u010dnostn\u00fdch rie\u0161eniach pre firmy m\u00f4\u017ee by\u0165 n\u00e1ro\u010dn\u00e9. Pripravili sme pre v\u00e1s produktov\u00fa pyram\u00eddu, ktor\u00e1 preh\u013eadne popisuje \u00farovne zabezpe\u010denia rie\u0161eniami spolo\u010dnosti ESET a prevedie v\u00e1s jednotliv\u00fdmi funkciami bezpe\u010dnostn\u00fdch produktov.<\/p>\n","protected":false},"author":7,"featured_media":0,"parent":0,"menu_order":0,"comment_status":"closed","ping_status":"closed","template":"page-templates\/pyramid.php","meta":{"_coblocks_attr":"","_coblocks_dimensions":"","_coblocks_responsive_height":"","_coblocks_accordion_ie_support":"","footnotes":""},"class_list":["post-4005","page","type-page","status-publish","hentry"],"yoast_head":"<!-- This site is optimized with the Yoast SEO plugin v27.0 - https:\/\/yoast.com\/product\/yoast-seo-wordpress\/ -->\n<title>ESET rie\u0161enia pre firmy - Bezpe\u010dne vo firme | ESET<\/title>\n<meta name=\"robots\" content=\"index, follow, max-snippet:-1, max-image-preview:large, max-video-preview:-1\" \/>\n<link rel=\"canonical\" href=\"https:\/\/bezpecnevofirme.eset.com\/sk\/eset-riesenia-pre-firmy\/\" \/>\n<meta property=\"og:locale\" content=\"sk_SK\" \/>\n<meta property=\"og:type\" content=\"article\" \/>\n<meta property=\"og:title\" content=\"ESET rie\u0161enia pre firmy - Bezpe\u010dne vo firme | ESET\" \/>\n<meta property=\"og:description\" content=\"MDR, XDR, alebo cloudov\u00fd sandbox? Vyzna\u0165 sa v komplexn\u00fdch bezpe\u010dnostn\u00fdch rie\u0161eniach pre firmy m\u00f4\u017ee by\u0165 n\u00e1ro\u010dn\u00e9. Pripravili sme pre v\u00e1s produktov\u00fa pyram\u00eddu, ktor\u00e1 preh\u013eadne popisuje \u00farovne zabezpe\u010denia rie\u0161eniami spolo\u010dnosti ESET a prevedie v\u00e1s jednotliv\u00fdmi funkciami bezpe\u010dnostn\u00fdch produktov.\" \/>\n<meta property=\"og:url\" content=\"https:\/\/bezpecnevofirme.eset.com\/sk\/eset-riesenia-pre-firmy\/\" \/>\n<meta property=\"og:site_name\" content=\"Bezpe\u010dne vo firme | ESET\" \/>\n<meta property=\"article:modified_time\" content=\"2022-09-21T12:52:12+00:00\" \/>\n<meta name=\"twitter:card\" content=\"summary_large_image\" \/>\n<meta name=\"twitter:label1\" content=\"Predpokladan\u00fd \u010das \u010d\u00edtania\" \/>\n\t<meta name=\"twitter:data1\" content=\"1 min\u00fata\" \/>\n<script type=\"application\/ld+json\" class=\"yoast-schema-graph\">{\"@context\":\"https:\/\/schema.org\",\"@graph\":[{\"@type\":\"WebPage\",\"@id\":\"https:\/\/bezpecnevofirme.eset.com\/sk\/eset-riesenia-pre-firmy\/\",\"url\":\"https:\/\/bezpecnevofirme.eset.com\/sk\/eset-riesenia-pre-firmy\/\",\"name\":\"ESET rie\u0161enia pre firmy - Bezpe\u010dne vo firme | ESET\",\"isPartOf\":{\"@id\":\"https:\/\/bezpecnevofirme.eset.com\/sk\/#website\"},\"datePublished\":\"2022-08-19T13:09:59+00:00\",\"dateModified\":\"2022-09-21T12:52:12+00:00\",\"breadcrumb\":{\"@id\":\"https:\/\/bezpecnevofirme.eset.com\/sk\/eset-riesenia-pre-firmy\/#breadcrumb\"},\"inLanguage\":\"sk-SK\",\"potentialAction\":[{\"@type\":\"ReadAction\",\"target\":[\"https:\/\/bezpecnevofirme.eset.com\/sk\/eset-riesenia-pre-firmy\/\"]}]},{\"@type\":\"BreadcrumbList\",\"@id\":\"https:\/\/bezpecnevofirme.eset.com\/sk\/eset-riesenia-pre-firmy\/#breadcrumb\",\"itemListElement\":[{\"@type\":\"ListItem\",\"position\":1,\"name\":\"Domovsk\u00e1 str\u00e1nka\",\"item\":\"https:\/\/bezpecnevofirme.eset.com\/sk\/\"},{\"@type\":\"ListItem\",\"position\":2,\"name\":\"ESET rie\u0161enia pre firmy\"}]},{\"@type\":\"WebSite\",\"@id\":\"https:\/\/bezpecnevofirme.eset.com\/sk\/#website\",\"url\":\"https:\/\/bezpecnevofirme.eset.com\/sk\/\",\"name\":\"Bezpe\u010dne vo firme | ESET\",\"description\":\"\",\"publisher\":{\"@id\":\"https:\/\/bezpecnevofirme.eset.com\/sk\/#organization\"},\"potentialAction\":[{\"@type\":\"SearchAction\",\"target\":{\"@type\":\"EntryPoint\",\"urlTemplate\":\"https:\/\/bezpecnevofirme.eset.com\/sk\/?s={search_term_string}\"},\"query-input\":{\"@type\":\"PropertyValueSpecification\",\"valueRequired\":true,\"valueName\":\"search_term_string\"}}],\"inLanguage\":\"sk-SK\"},{\"@type\":\"Organization\",\"@id\":\"https:\/\/bezpecnevofirme.eset.com\/sk\/#organization\",\"name\":\"Bezpe\u010dne vo firme | ESET\",\"url\":\"https:\/\/bezpecnevofirme.eset.com\/sk\/\",\"logo\":{\"@type\":\"ImageObject\",\"inLanguage\":\"sk-SK\",\"@id\":\"https:\/\/bezpecnevofirme.eset.com\/sk\/#\/schema\/logo\/image\/\",\"url\":\"https:\/\/bezpecnevofirme.eset.com\/sk\/wp-content\/uploads\/sites\/2\/2022\/08\/BVF_logo_svg_new.svg\",\"contentUrl\":\"https:\/\/bezpecnevofirme.eset.com\/sk\/wp-content\/uploads\/sites\/2\/2022\/08\/BVF_logo_svg_new.svg\",\"caption\":\"Bezpe\u010dne vo firme | ESET\"},\"image\":{\"@id\":\"https:\/\/bezpecnevofirme.eset.com\/sk\/#\/schema\/logo\/image\/\"}}]}<\/script>\n<!-- \/ Yoast SEO plugin. -->","yoast_head_json":{"title":"ESET rie\u0161enia pre firmy - Bezpe\u010dne vo firme | ESET","robots":{"index":"index","follow":"follow","max-snippet":"max-snippet:-1","max-image-preview":"max-image-preview:large","max-video-preview":"max-video-preview:-1"},"canonical":"https:\/\/bezpecnevofirme.eset.com\/sk\/eset-riesenia-pre-firmy\/","og_locale":"sk_SK","og_type":"article","og_title":"ESET rie\u0161enia pre firmy - Bezpe\u010dne vo firme | ESET","og_description":"MDR, XDR, alebo cloudov\u00fd sandbox? Vyzna\u0165 sa v komplexn\u00fdch bezpe\u010dnostn\u00fdch rie\u0161eniach pre firmy m\u00f4\u017ee by\u0165 n\u00e1ro\u010dn\u00e9. Pripravili sme pre v\u00e1s produktov\u00fa pyram\u00eddu, ktor\u00e1 preh\u013eadne popisuje \u00farovne zabezpe\u010denia rie\u0161eniami spolo\u010dnosti ESET a prevedie v\u00e1s jednotliv\u00fdmi funkciami bezpe\u010dnostn\u00fdch produktov.","og_url":"https:\/\/bezpecnevofirme.eset.com\/sk\/eset-riesenia-pre-firmy\/","og_site_name":"Bezpe\u010dne vo firme | ESET","article_modified_time":"2022-09-21T12:52:12+00:00","twitter_card":"summary_large_image","twitter_misc":{"Predpokladan\u00fd \u010das \u010d\u00edtania":"1 min\u00fata"},"schema":{"@context":"https:\/\/schema.org","@graph":[{"@type":"WebPage","@id":"https:\/\/bezpecnevofirme.eset.com\/sk\/eset-riesenia-pre-firmy\/","url":"https:\/\/bezpecnevofirme.eset.com\/sk\/eset-riesenia-pre-firmy\/","name":"ESET rie\u0161enia pre firmy - Bezpe\u010dne vo firme | ESET","isPartOf":{"@id":"https:\/\/bezpecnevofirme.eset.com\/sk\/#website"},"datePublished":"2022-08-19T13:09:59+00:00","dateModified":"2022-09-21T12:52:12+00:00","breadcrumb":{"@id":"https:\/\/bezpecnevofirme.eset.com\/sk\/eset-riesenia-pre-firmy\/#breadcrumb"},"inLanguage":"sk-SK","potentialAction":[{"@type":"ReadAction","target":["https:\/\/bezpecnevofirme.eset.com\/sk\/eset-riesenia-pre-firmy\/"]}]},{"@type":"BreadcrumbList","@id":"https:\/\/bezpecnevofirme.eset.com\/sk\/eset-riesenia-pre-firmy\/#breadcrumb","itemListElement":[{"@type":"ListItem","position":1,"name":"Domovsk\u00e1 str\u00e1nka","item":"https:\/\/bezpecnevofirme.eset.com\/sk\/"},{"@type":"ListItem","position":2,"name":"ESET rie\u0161enia pre firmy"}]},{"@type":"WebSite","@id":"https:\/\/bezpecnevofirme.eset.com\/sk\/#website","url":"https:\/\/bezpecnevofirme.eset.com\/sk\/","name":"Bezpe\u010dne vo firme | ESET","description":"","publisher":{"@id":"https:\/\/bezpecnevofirme.eset.com\/sk\/#organization"},"potentialAction":[{"@type":"SearchAction","target":{"@type":"EntryPoint","urlTemplate":"https:\/\/bezpecnevofirme.eset.com\/sk\/?s={search_term_string}"},"query-input":{"@type":"PropertyValueSpecification","valueRequired":true,"valueName":"search_term_string"}}],"inLanguage":"sk-SK"},{"@type":"Organization","@id":"https:\/\/bezpecnevofirme.eset.com\/sk\/#organization","name":"Bezpe\u010dne vo firme | ESET","url":"https:\/\/bezpecnevofirme.eset.com\/sk\/","logo":{"@type":"ImageObject","inLanguage":"sk-SK","@id":"https:\/\/bezpecnevofirme.eset.com\/sk\/#\/schema\/logo\/image\/","url":"https:\/\/bezpecnevofirme.eset.com\/sk\/wp-content\/uploads\/sites\/2\/2022\/08\/BVF_logo_svg_new.svg","contentUrl":"https:\/\/bezpecnevofirme.eset.com\/sk\/wp-content\/uploads\/sites\/2\/2022\/08\/BVF_logo_svg_new.svg","caption":"Bezpe\u010dne vo firme | ESET"},"image":{"@id":"https:\/\/bezpecnevofirme.eset.com\/sk\/#\/schema\/logo\/image\/"}}]}},"post_mailing_queue_ids":[],"_links":{"self":[{"href":"https:\/\/bezpecnevofirme.eset.com\/sk\/wp-json\/wp\/v2\/pages\/4005","targetHints":{"allow":["GET"]}}],"collection":[{"href":"https:\/\/bezpecnevofirme.eset.com\/sk\/wp-json\/wp\/v2\/pages"}],"about":[{"href":"https:\/\/bezpecnevofirme.eset.com\/sk\/wp-json\/wp\/v2\/types\/page"}],"author":[{"embeddable":true,"href":"https:\/\/bezpecnevofirme.eset.com\/sk\/wp-json\/wp\/v2\/users\/7"}],"replies":[{"embeddable":true,"href":"https:\/\/bezpecnevofirme.eset.com\/sk\/wp-json\/wp\/v2\/comments?post=4005"}],"version-history":[{"count":8,"href":"https:\/\/bezpecnevofirme.eset.com\/sk\/wp-json\/wp\/v2\/pages\/4005\/revisions"}],"predecessor-version":[{"id":4758,"href":"https:\/\/bezpecnevofirme.eset.com\/sk\/wp-json\/wp\/v2\/pages\/4005\/revisions\/4758"}],"wp:attachment":[{"href":"https:\/\/bezpecnevofirme.eset.com\/sk\/wp-json\/wp\/v2\/media?parent=4005"}],"curies":[{"name":"wp","href":"https:\/\/api.w.org\/{rel}","templated":true}]}}