{"id":4342,"date":"2022-09-06T22:17:09","date_gmt":"2022-09-06T20:17:09","guid":{"rendered":"https:\/\/dev.bezpecnevofirme.eset.com\/sk\/?page_id=4342"},"modified":"2022-09-20T12:53:31","modified_gmt":"2022-09-20T10:53:31","slug":"eset-security-days","status":"publish","type":"page","link":"https:\/\/bezpecnevofirme.eset.com\/sk\/eset-security-days\/","title":{"rendered":"ESET Security Days"},"content":{"rendered":"\n<p><strong>ESET Security Days<\/strong>&nbsp;je odborn\u00e1 konferencia, ktor\u00e1 reaguje na aktu\u00e1lne udalosti, nariadenia \u010di legislat\u00edvne zmeny t\u00fdkaj\u00face sa bezpe\u010dnosti a ochrany osobn\u00fdch \u00fadajov. Venuje sa tie\u017e najnov\u0161\u00edm bezpe\u010dnostn\u00fdm rie\u0161eniam vhodn\u00fdm pre firemn\u00e9 prostredie. T\u00e9my konferencie s\u00fa podchyten\u00e9 re\u0161pektovan\u00fdmi osobnos\u0165ami, ktor\u00e9 sa danou problematikou profesion\u00e1lne zaoberaj\u00fa, pr\u00edpadne sa v\u00fdrazne podie\u013eaj\u00fa na tvorbe nov\u00fdch nariaden\u00ed i&nbsp;z\u00e1konov t\u00fdkaj\u00facich sa bezpe\u010dnostn\u00fdch polit\u00edk a noriem vo firm\u00e1ch. Neoddelite\u013enou s\u00fa\u010das\u0165ou konferencie je aj predstavenie najnov\u0161\u00edch technol\u00f3gi\u00ed a&nbsp;rie\u0161en\u00ed, ktor\u00e9 pom\u00e1haj\u00fa spolo\u010dnostiam predch\u00e1dza\u0165 bezpe\u010dnostn\u00fdm incidentom. <\/p>\n","protected":false},"excerpt":{"rendered":"<p>ESET Security Days&nbsp;je odborn\u00e1 konferencia, ktor\u00e1 reaguje na aktu\u00e1lne udalosti, nariadenia \u010di legislat\u00edvne zmeny t\u00fdkaj\u00face sa bezpe\u010dnosti a ochrany osobn\u00fdch \u00fadajov. Venuje sa tie\u017e najnov\u0161\u00edm bezpe\u010dnostn\u00fdm rie\u0161eniam vhodn\u00fdm pre firemn\u00e9 prostredie. T\u00e9my konferencie s\u00fa podchyten\u00e9 re\u0161pektovan\u00fdmi osobnos\u0165ami, ktor\u00e9 sa danou problematikou profesion\u00e1lne zaoberaj\u00fa, pr\u00edpadne sa v\u00fdrazne podie\u013eaj\u00fa na tvorbe nov\u00fdch nariaden\u00ed i&nbsp;z\u00e1konov t\u00fdkaj\u00facich sa bezpe\u010dnostn\u00fdch polit\u00edk a noriem vo firm\u00e1ch. Neoddelite\u013enou s\u00fa\u010das\u0165ou&hellip;<\/p>\n","protected":false},"author":7,"featured_media":4701,"parent":0,"menu_order":0,"comment_status":"closed","ping_status":"closed","template":"page-templates\/page-eset-customizable-hero.php","meta":{"_coblocks_attr":"","_coblocks_dimensions":"","_coblocks_responsive_height":"","_coblocks_accordion_ie_support":"","footnotes":""},"class_list":["post-4342","page","type-page","status-publish","has-post-thumbnail","hentry"],"yoast_head":"<!-- This site is optimized with the Yoast SEO plugin v27.0 - https:\/\/yoast.com\/product\/yoast-seo-wordpress\/ -->\n<title>ESET Security Days - Bezpe\u010dne vo firme | ESET<\/title>\n<meta name=\"robots\" content=\"index, follow, max-snippet:-1, max-image-preview:large, max-video-preview:-1\" \/>\n<link rel=\"canonical\" href=\"https:\/\/bezpecnevofirme.eset.com\/sk\/eset-security-days\/\" \/>\n<meta property=\"og:locale\" content=\"sk_SK\" \/>\n<meta property=\"og:type\" content=\"article\" \/>\n<meta property=\"og:title\" content=\"ESET Security Days - Bezpe\u010dne vo firme | ESET\" \/>\n<meta property=\"og:description\" content=\"ESET Security Days&nbsp;je odborn\u00e1 konferencia, ktor\u00e1 reaguje na aktu\u00e1lne udalosti, nariadenia \u010di legislat\u00edvne zmeny t\u00fdkaj\u00face sa bezpe\u010dnosti a ochrany osobn\u00fdch \u00fadajov. Venuje sa tie\u017e najnov\u0161\u00edm bezpe\u010dnostn\u00fdm rie\u0161eniam vhodn\u00fdm pre firemn\u00e9 prostredie. T\u00e9my konferencie s\u00fa podchyten\u00e9 re\u0161pektovan\u00fdmi osobnos\u0165ami, ktor\u00e9 sa danou problematikou profesion\u00e1lne zaoberaj\u00fa, pr\u00edpadne sa v\u00fdrazne podie\u013eaj\u00fa na tvorbe nov\u00fdch nariaden\u00ed i&nbsp;z\u00e1konov t\u00fdkaj\u00facich sa bezpe\u010dnostn\u00fdch polit\u00edk a noriem vo firm\u00e1ch. Neoddelite\u013enou s\u00fa\u010das\u0165ou&hellip;\" \/>\n<meta property=\"og:url\" content=\"https:\/\/bezpecnevofirme.eset.com\/sk\/eset-security-days\/\" \/>\n<meta property=\"og:site_name\" content=\"Bezpe\u010dne vo firme | ESET\" \/>\n<meta property=\"article:modified_time\" content=\"2022-09-20T10:53:31+00:00\" \/>\n<meta property=\"og:image\" content=\"https:\/\/bezpecnevofirme.eset.com\/sk\/wp-content\/uploads\/sites\/2\/2022\/09\/banner_ESD-scaled.jpg\" \/>\n\t<meta property=\"og:image:width\" content=\"2560\" \/>\n\t<meta property=\"og:image:height\" content=\"1153\" \/>\n\t<meta property=\"og:image:type\" content=\"image\/jpeg\" \/>\n<meta name=\"twitter:card\" content=\"summary_large_image\" \/>\n<meta name=\"twitter:label1\" content=\"Predpokladan\u00fd \u010das \u010d\u00edtania\" \/>\n\t<meta name=\"twitter:data1\" content=\"1 min\u00fata\" \/>\n<script type=\"application\/ld+json\" class=\"yoast-schema-graph\">{\"@context\":\"https:\/\/schema.org\",\"@graph\":[{\"@type\":\"WebPage\",\"@id\":\"https:\/\/bezpecnevofirme.eset.com\/sk\/eset-security-days\/\",\"url\":\"https:\/\/bezpecnevofirme.eset.com\/sk\/eset-security-days\/\",\"name\":\"ESET Security Days - Bezpe\u010dne vo firme | ESET\",\"isPartOf\":{\"@id\":\"https:\/\/bezpecnevofirme.eset.com\/sk\/#website\"},\"primaryImageOfPage\":{\"@id\":\"https:\/\/bezpecnevofirme.eset.com\/sk\/eset-security-days\/#primaryimage\"},\"image\":{\"@id\":\"https:\/\/bezpecnevofirme.eset.com\/sk\/eset-security-days\/#primaryimage\"},\"thumbnailUrl\":\"https:\/\/bezpecnevofirme.eset.com\/sk\/wp-content\/uploads\/sites\/2\/2022\/09\/banner_ESD-scaled.jpg\",\"datePublished\":\"2022-09-06T20:17:09+00:00\",\"dateModified\":\"2022-09-20T10:53:31+00:00\",\"breadcrumb\":{\"@id\":\"https:\/\/bezpecnevofirme.eset.com\/sk\/eset-security-days\/#breadcrumb\"},\"inLanguage\":\"sk-SK\",\"potentialAction\":[{\"@type\":\"ReadAction\",\"target\":[\"https:\/\/bezpecnevofirme.eset.com\/sk\/eset-security-days\/\"]}]},{\"@type\":\"ImageObject\",\"inLanguage\":\"sk-SK\",\"@id\":\"https:\/\/bezpecnevofirme.eset.com\/sk\/eset-security-days\/#primaryimage\",\"url\":\"https:\/\/bezpecnevofirme.eset.com\/sk\/wp-content\/uploads\/sites\/2\/2022\/09\/banner_ESD-scaled.jpg\",\"contentUrl\":\"https:\/\/bezpecnevofirme.eset.com\/sk\/wp-content\/uploads\/sites\/2\/2022\/09\/banner_ESD-scaled.jpg\",\"width\":2560,\"height\":1153},{\"@type\":\"BreadcrumbList\",\"@id\":\"https:\/\/bezpecnevofirme.eset.com\/sk\/eset-security-days\/#breadcrumb\",\"itemListElement\":[{\"@type\":\"ListItem\",\"position\":1,\"name\":\"Domovsk\u00e1 str\u00e1nka\",\"item\":\"https:\/\/bezpecnevofirme.eset.com\/sk\/\"},{\"@type\":\"ListItem\",\"position\":2,\"name\":\"ESET Security Days\"}]},{\"@type\":\"WebSite\",\"@id\":\"https:\/\/bezpecnevofirme.eset.com\/sk\/#website\",\"url\":\"https:\/\/bezpecnevofirme.eset.com\/sk\/\",\"name\":\"Bezpe\u010dne vo firme | ESET\",\"description\":\"\",\"publisher\":{\"@id\":\"https:\/\/bezpecnevofirme.eset.com\/sk\/#organization\"},\"potentialAction\":[{\"@type\":\"SearchAction\",\"target\":{\"@type\":\"EntryPoint\",\"urlTemplate\":\"https:\/\/bezpecnevofirme.eset.com\/sk\/?s={search_term_string}\"},\"query-input\":{\"@type\":\"PropertyValueSpecification\",\"valueRequired\":true,\"valueName\":\"search_term_string\"}}],\"inLanguage\":\"sk-SK\"},{\"@type\":\"Organization\",\"@id\":\"https:\/\/bezpecnevofirme.eset.com\/sk\/#organization\",\"name\":\"Bezpe\u010dne vo firme | ESET\",\"url\":\"https:\/\/bezpecnevofirme.eset.com\/sk\/\",\"logo\":{\"@type\":\"ImageObject\",\"inLanguage\":\"sk-SK\",\"@id\":\"https:\/\/bezpecnevofirme.eset.com\/sk\/#\/schema\/logo\/image\/\",\"url\":\"https:\/\/bezpecnevofirme.eset.com\/sk\/wp-content\/uploads\/sites\/2\/2022\/08\/BVF_logo_svg_new.svg\",\"contentUrl\":\"https:\/\/bezpecnevofirme.eset.com\/sk\/wp-content\/uploads\/sites\/2\/2022\/08\/BVF_logo_svg_new.svg\",\"caption\":\"Bezpe\u010dne vo firme | ESET\"},\"image\":{\"@id\":\"https:\/\/bezpecnevofirme.eset.com\/sk\/#\/schema\/logo\/image\/\"}}]}<\/script>\n<!-- \/ Yoast SEO plugin. -->","yoast_head_json":{"title":"ESET Security Days - Bezpe\u010dne vo firme | ESET","robots":{"index":"index","follow":"follow","max-snippet":"max-snippet:-1","max-image-preview":"max-image-preview:large","max-video-preview":"max-video-preview:-1"},"canonical":"https:\/\/bezpecnevofirme.eset.com\/sk\/eset-security-days\/","og_locale":"sk_SK","og_type":"article","og_title":"ESET Security Days - Bezpe\u010dne vo firme | ESET","og_description":"ESET Security Days&nbsp;je odborn\u00e1 konferencia, ktor\u00e1 reaguje na aktu\u00e1lne udalosti, nariadenia \u010di legislat\u00edvne zmeny t\u00fdkaj\u00face sa bezpe\u010dnosti a ochrany osobn\u00fdch \u00fadajov. Venuje sa tie\u017e najnov\u0161\u00edm bezpe\u010dnostn\u00fdm rie\u0161eniam vhodn\u00fdm pre firemn\u00e9 prostredie. T\u00e9my konferencie s\u00fa podchyten\u00e9 re\u0161pektovan\u00fdmi osobnos\u0165ami, ktor\u00e9 sa danou problematikou profesion\u00e1lne zaoberaj\u00fa, pr\u00edpadne sa v\u00fdrazne podie\u013eaj\u00fa na tvorbe nov\u00fdch nariaden\u00ed i&nbsp;z\u00e1konov t\u00fdkaj\u00facich sa bezpe\u010dnostn\u00fdch polit\u00edk a noriem vo firm\u00e1ch. Neoddelite\u013enou s\u00fa\u010das\u0165ou&hellip;","og_url":"https:\/\/bezpecnevofirme.eset.com\/sk\/eset-security-days\/","og_site_name":"Bezpe\u010dne vo firme | ESET","article_modified_time":"2022-09-20T10:53:31+00:00","og_image":[{"width":2560,"height":1153,"url":"https:\/\/bezpecnevofirme.eset.com\/sk\/wp-content\/uploads\/sites\/2\/2022\/09\/banner_ESD-scaled.jpg","type":"image\/jpeg"}],"twitter_card":"summary_large_image","twitter_misc":{"Predpokladan\u00fd \u010das \u010d\u00edtania":"1 min\u00fata"},"schema":{"@context":"https:\/\/schema.org","@graph":[{"@type":"WebPage","@id":"https:\/\/bezpecnevofirme.eset.com\/sk\/eset-security-days\/","url":"https:\/\/bezpecnevofirme.eset.com\/sk\/eset-security-days\/","name":"ESET Security Days - Bezpe\u010dne vo firme | ESET","isPartOf":{"@id":"https:\/\/bezpecnevofirme.eset.com\/sk\/#website"},"primaryImageOfPage":{"@id":"https:\/\/bezpecnevofirme.eset.com\/sk\/eset-security-days\/#primaryimage"},"image":{"@id":"https:\/\/bezpecnevofirme.eset.com\/sk\/eset-security-days\/#primaryimage"},"thumbnailUrl":"https:\/\/bezpecnevofirme.eset.com\/sk\/wp-content\/uploads\/sites\/2\/2022\/09\/banner_ESD-scaled.jpg","datePublished":"2022-09-06T20:17:09+00:00","dateModified":"2022-09-20T10:53:31+00:00","breadcrumb":{"@id":"https:\/\/bezpecnevofirme.eset.com\/sk\/eset-security-days\/#breadcrumb"},"inLanguage":"sk-SK","potentialAction":[{"@type":"ReadAction","target":["https:\/\/bezpecnevofirme.eset.com\/sk\/eset-security-days\/"]}]},{"@type":"ImageObject","inLanguage":"sk-SK","@id":"https:\/\/bezpecnevofirme.eset.com\/sk\/eset-security-days\/#primaryimage","url":"https:\/\/bezpecnevofirme.eset.com\/sk\/wp-content\/uploads\/sites\/2\/2022\/09\/banner_ESD-scaled.jpg","contentUrl":"https:\/\/bezpecnevofirme.eset.com\/sk\/wp-content\/uploads\/sites\/2\/2022\/09\/banner_ESD-scaled.jpg","width":2560,"height":1153},{"@type":"BreadcrumbList","@id":"https:\/\/bezpecnevofirme.eset.com\/sk\/eset-security-days\/#breadcrumb","itemListElement":[{"@type":"ListItem","position":1,"name":"Domovsk\u00e1 str\u00e1nka","item":"https:\/\/bezpecnevofirme.eset.com\/sk\/"},{"@type":"ListItem","position":2,"name":"ESET Security Days"}]},{"@type":"WebSite","@id":"https:\/\/bezpecnevofirme.eset.com\/sk\/#website","url":"https:\/\/bezpecnevofirme.eset.com\/sk\/","name":"Bezpe\u010dne vo firme | ESET","description":"","publisher":{"@id":"https:\/\/bezpecnevofirme.eset.com\/sk\/#organization"},"potentialAction":[{"@type":"SearchAction","target":{"@type":"EntryPoint","urlTemplate":"https:\/\/bezpecnevofirme.eset.com\/sk\/?s={search_term_string}"},"query-input":{"@type":"PropertyValueSpecification","valueRequired":true,"valueName":"search_term_string"}}],"inLanguage":"sk-SK"},{"@type":"Organization","@id":"https:\/\/bezpecnevofirme.eset.com\/sk\/#organization","name":"Bezpe\u010dne vo firme | ESET","url":"https:\/\/bezpecnevofirme.eset.com\/sk\/","logo":{"@type":"ImageObject","inLanguage":"sk-SK","@id":"https:\/\/bezpecnevofirme.eset.com\/sk\/#\/schema\/logo\/image\/","url":"https:\/\/bezpecnevofirme.eset.com\/sk\/wp-content\/uploads\/sites\/2\/2022\/08\/BVF_logo_svg_new.svg","contentUrl":"https:\/\/bezpecnevofirme.eset.com\/sk\/wp-content\/uploads\/sites\/2\/2022\/08\/BVF_logo_svg_new.svg","caption":"Bezpe\u010dne vo firme | ESET"},"image":{"@id":"https:\/\/bezpecnevofirme.eset.com\/sk\/#\/schema\/logo\/image\/"}}]}},"post_mailing_queue_ids":[],"_links":{"self":[{"href":"https:\/\/bezpecnevofirme.eset.com\/sk\/wp-json\/wp\/v2\/pages\/4342","targetHints":{"allow":["GET"]}}],"collection":[{"href":"https:\/\/bezpecnevofirme.eset.com\/sk\/wp-json\/wp\/v2\/pages"}],"about":[{"href":"https:\/\/bezpecnevofirme.eset.com\/sk\/wp-json\/wp\/v2\/types\/page"}],"author":[{"embeddable":true,"href":"https:\/\/bezpecnevofirme.eset.com\/sk\/wp-json\/wp\/v2\/users\/7"}],"replies":[{"embeddable":true,"href":"https:\/\/bezpecnevofirme.eset.com\/sk\/wp-json\/wp\/v2\/comments?post=4342"}],"version-history":[{"count":12,"href":"https:\/\/bezpecnevofirme.eset.com\/sk\/wp-json\/wp\/v2\/pages\/4342\/revisions"}],"predecessor-version":[{"id":4443,"href":"https:\/\/bezpecnevofirme.eset.com\/sk\/wp-json\/wp\/v2\/pages\/4342\/revisions\/4443"}],"wp:featuredmedia":[{"embeddable":true,"href":"https:\/\/bezpecnevofirme.eset.com\/sk\/wp-json\/wp\/v2\/media\/4701"}],"wp:attachment":[{"href":"https:\/\/bezpecnevofirme.eset.com\/sk\/wp-json\/wp\/v2\/media?parent=4342"}],"curies":[{"name":"wp","href":"https:\/\/api.w.org\/{rel}","templated":true}]}}