{"id":5734,"date":"2024-05-29T00:15:08","date_gmt":"2024-05-28T22:15:08","guid":{"rendered":"https:\/\/bezpecnevofirme.eset.com\/sk\/?page_id=5734"},"modified":"2024-05-29T00:21:40","modified_gmt":"2024-05-28T22:21:40","slug":"skolenie-kybernetickej-bezpecnosti-pre-zamestnancov","status":"publish","type":"page","link":"https:\/\/bezpecnevofirme.eset.com\/sk\/skolenie-kybernetickej-bezpecnosti-pre-zamestnancov\/","title":{"rendered":"\u0160kolenie kybernetickej bezpe\u010dnosti pre zamestnancov"},"content":{"rendered":"\n<p>Vedeli ste, \u017ee drviv\u00e1 v\u00e4\u010d\u0161ina kybernetick\u00fdch \u00fatokov je sp\u00f4soben\u00e1 \u013eudskou chybou? Vzdel\u00e1vanie zamestnancov je popri technologick\u00fdch rie\u0161eniach k\u013e\u00fa\u010dovou s\u00fa\u010das\u0165ou kybernetickej bezpe\u010dnosti firiem. \u010ci u\u017e ide o&nbsp;pou\u017e\u00edvanie slab\u00fdch hesiel, klikanie na \u0161kodliv\u00e9 odkazy alebo zdie\u013eanie citliv\u00fdch inform\u00e1ci\u00ed, v\u0161etky tieto pre\u0161\u013eapy zamestnancov dok\u00e1\u017eu sp\u00f4sobi\u0165 lav\u00ednu probl\u00e9mov pre cel\u00fa organiz\u00e1ciu.<\/p>\n\n\n\n<p>Aby ste neohrozili d\u00e1ta, reput\u00e1ciu, \u010di financie va\u0161ej firmy, pripravili sme pre v\u00e1s bezplatn\u00e9 \u0161kolenie, v\u010faka ktor\u00e9mu z\u00edskate z\u00e1kladn\u00e9 vedomosti o kybernetickej bezpe\u010dnosti a&nbsp;v\u00fdrazne s\u0165a\u017e\u00edte pr\u00e1cu \u00fato\u010dn\u00edkom.<\/p>\n\n\n\n<p>\u0160kolenie pozost\u00e1va z&nbsp;piatich hlavn\u00fdch okruhov:<\/p>\n\n\n\n<div class=\"wp-block-columns is-layout-flex wp-container-core-columns-is-layout-9d6595d7 wp-block-columns-is-layout-flex\">\n<div class=\"wp-block-column is-layout-flow wp-block-column-is-layout-flow\">\n<ol class=\"wp-block-list\">\n<li><a href=\"\/sk\/category\/skolenie-kybernetickej-bezpecnosti-pre-zamestnancov\/ako-sa-vyhnut-malveru\/\">Ako sa vyhn\u00fa\u0165 malv\u00e9ru? <\/a><\/li>\n\n\n\n<li><a href=\"\/sk\/category\/skolenie-kybernetickej-bezpecnosti-pre-zamestnancov\/bezpecne-pouzivanie-internetu\/\">Bezpe\u010dn\u00e9 pou\u017e\u00edvanie internetu<\/a><\/li>\n\n\n\n<li><a href=\"\/sk\/category\/skolenie-kybernetickej-bezpecnosti-pre-zamestnancov\/ochrana-bezpecnymi-heslami\/\">Ochrana bezpe\u010dn\u00fdmi heslami<\/a><\/li>\n\n\n\n<li><a href=\"\/sk\/category\/skolenie-kybernetickej-bezpecnosti-pre-zamestnancov\/bezpecie-e-mailovej-komunikacie\/\">Bezpe\u010die e-mailovej komunik\u00e1cie<\/a><\/li>\n\n\n\n<li><a href=\"\/sk\/category\/skolenie-kybernetickej-bezpecnosti-pre-zamestnancov\/ochrana-pred-cielenymi-hrozbami\/\">Ochrana pred cielen\u00fdmi hrozbami<\/a><\/li>\n<\/ol>\n<\/div>\n<\/div>\n\n\n\n<p>Ka\u017ed\u00fd okruh pozost\u00e1va z&nbsp;viacer\u00fdch t\u00e9m, ktor\u00e9 vysvet\u013eujeme formou p\u00fatav\u00fdch vide\u00ed. Poradie jednotliv\u00fdch okruhov si m\u00f4\u017eete vybra\u0165 vy kliknut\u00edm na odkazy vy\u0161\u0161ie. Takisto sa m\u00f4\u017eete zamera\u0165 iba na ur\u010dit\u00e9 t\u00e9my, ktor\u00e9 v\u00e1s zauj\u00edmaj\u00fa najviac. Pre z\u00edskanie komplexn\u00e9ho povedomia o&nbsp;firemn\u00fdch n\u00e1strah\u00e1ch v\u0161ak odpor\u00fa\u010dame absolvova\u0165 cel\u00e9 \u0161kolenie.&nbsp; &nbsp; <\/p>\n\n\n\n<p>S\u00fa\u010das\u0165ou \u0161kolenia je aj test, ktor\u00fd v\u00e1m prezrad\u00ed, nako\u013eko ste si osvojili z\u00edskan\u00e9 inform\u00e1cie z&nbsp;oblasti digit\u00e1lnej bezpe\u010dnosti. Prajeme pr\u00edjemn\u00e9 vzdel\u00e1vanie!<br><\/p>\n\n\n\n<div class=\"wp-block-columns is-layout-flex wp-container-core-columns-is-layout-9d6595d7 wp-block-columns-is-layout-flex\">\n<div class=\"wp-block-column is-layout-flow wp-block-column-is-layout-flow\">\n<div class=\"wp-block-buttons is-content-justification-center is-layout-flex wp-container-core-buttons-is-layout-16018d1d wp-block-buttons-is-layout-flex\">\n<div class=\"wp-block-button\"><a class=\"wp-block-button__link wp-element-button\" href=\"\/sk\/category\/skolenie-kybernetickej-bezpecnosti-pre-zamestnancov\/ako-sa-vyhnut-malveru\/\">ZA\u010cA\u0164 \u0160KOLENIE<\/a><\/div>\n<\/div>\n<\/div>\n\n\n\n<div class=\"wp-block-column is-layout-flow wp-block-column-is-layout-flow\">\n<div class=\"wp-block-buttons is-content-justification-center is-layout-flex wp-container-core-buttons-is-layout-16018d1d wp-block-buttons-is-layout-flex\">\n<div class=\"wp-block-button\"><a class=\"wp-block-button__link wp-element-button\" href=\"\/sk\/otestujte-sa\/\">OTESTOVA\u0164 SA<\/a><\/div>\n<\/div>\n<\/div>\n<\/div>\n","protected":false},"excerpt":{"rendered":"<p>Vedeli ste, \u017ee drviv\u00e1 v\u00e4\u010d\u0161ina kybernetick\u00fdch \u00fatokov je sp\u00f4soben\u00e1 \u013eudskou chybou? Vzdel\u00e1vanie zamestnancov je popri technologick\u00fdch rie\u0161eniach k\u013e\u00fa\u010dovou s\u00fa\u010das\u0165ou kybernetickej bezpe\u010dnosti firiem. \u010ci u\u017e ide o&nbsp;pou\u017e\u00edvanie slab\u00fdch hesiel, klikanie na \u0161kodliv\u00e9 odkazy alebo zdie\u013eanie citliv\u00fdch inform\u00e1ci\u00ed, v\u0161etky tieto pre\u0161\u013eapy zamestnancov dok\u00e1\u017eu sp\u00f4sobi\u0165 lav\u00ednu probl\u00e9mov pre cel\u00fa organiz\u00e1ciu. Aby ste neohrozili d\u00e1ta, reput\u00e1ciu, \u010di financie va\u0161ej firmy, pripravili sme pre v\u00e1s bezplatn\u00e9 \u0161kolenie,&hellip;<\/p>\n","protected":false},"author":7,"featured_media":5731,"parent":0,"menu_order":0,"comment_status":"closed","ping_status":"closed","template":"","meta":{"_coblocks_attr":"","_coblocks_dimensions":"","_coblocks_responsive_height":"","_coblocks_accordion_ie_support":"","footnotes":""},"class_list":["post-5734","page","type-page","status-publish","has-post-thumbnail","hentry"],"yoast_head":"<!-- This site is optimized with the Yoast SEO plugin v27.3 - https:\/\/yoast.com\/product\/yoast-seo-wordpress\/ -->\n<title>\u0160kolenie kybernetickej bezpe\u010dnosti pre zamestnancov - Bezpe\u010dne vo firme | ESET<\/title>\n<meta name=\"robots\" content=\"index, follow, max-snippet:-1, max-image-preview:large, max-video-preview:-1\" \/>\n<link rel=\"canonical\" href=\"https:\/\/bezpecnevofirme.eset.com\/sk\/skolenie-kybernetickej-bezpecnosti-pre-zamestnancov\/\" \/>\n<meta property=\"og:locale\" content=\"sk_SK\" \/>\n<meta property=\"og:type\" content=\"article\" \/>\n<meta property=\"og:title\" content=\"\u0160kolenie kybernetickej bezpe\u010dnosti pre zamestnancov - Bezpe\u010dne vo firme | ESET\" \/>\n<meta property=\"og:description\" content=\"Vedeli ste, \u017ee drviv\u00e1 v\u00e4\u010d\u0161ina kybernetick\u00fdch \u00fatokov je sp\u00f4soben\u00e1 \u013eudskou chybou? Vzdel\u00e1vanie zamestnancov je popri technologick\u00fdch rie\u0161eniach k\u013e\u00fa\u010dovou s\u00fa\u010das\u0165ou kybernetickej bezpe\u010dnosti firiem. \u010ci u\u017e ide o&nbsp;pou\u017e\u00edvanie slab\u00fdch hesiel, klikanie na \u0161kodliv\u00e9 odkazy alebo zdie\u013eanie citliv\u00fdch inform\u00e1ci\u00ed, v\u0161etky tieto pre\u0161\u013eapy zamestnancov dok\u00e1\u017eu sp\u00f4sobi\u0165 lav\u00ednu probl\u00e9mov pre cel\u00fa organiz\u00e1ciu. Aby ste neohrozili d\u00e1ta, reput\u00e1ciu, \u010di financie va\u0161ej firmy, pripravili sme pre v\u00e1s bezplatn\u00e9 \u0161kolenie,&hellip;\" \/>\n<meta property=\"og:url\" content=\"https:\/\/bezpecnevofirme.eset.com\/sk\/skolenie-kybernetickej-bezpecnosti-pre-zamestnancov\/\" \/>\n<meta property=\"og:site_name\" content=\"Bezpe\u010dne vo firme | ESET\" \/>\n<meta property=\"article:modified_time\" content=\"2024-05-28T22:21:40+00:00\" \/>\n<meta property=\"og:image\" content=\"https:\/\/bezpecnevofirme.eset.com\/sk\/wp-content\/uploads\/sites\/2\/2024\/05\/BVF_cover-1.jpg\" \/>\n\t<meta property=\"og:image:width\" content=\"2500\" \/>\n\t<meta property=\"og:image:height\" content=\"1150\" \/>\n\t<meta property=\"og:image:type\" content=\"image\/jpeg\" \/>\n<meta name=\"twitter:card\" content=\"summary_large_image\" \/>\n<meta name=\"twitter:label1\" content=\"Predpokladan\u00fd \u010das \u010d\u00edtania\" \/>\n\t<meta name=\"twitter:data1\" content=\"2 min\u00faty\" \/>\n<script type=\"application\/ld+json\" class=\"yoast-schema-graph\">{\"@context\":\"https:\\\/\\\/schema.org\",\"@graph\":[{\"@type\":\"WebPage\",\"@id\":\"https:\\\/\\\/bezpecnevofirme.eset.com\\\/sk\\\/skolenie-kybernetickej-bezpecnosti-pre-zamestnancov\\\/\",\"url\":\"https:\\\/\\\/bezpecnevofirme.eset.com\\\/sk\\\/skolenie-kybernetickej-bezpecnosti-pre-zamestnancov\\\/\",\"name\":\"\u0160kolenie kybernetickej bezpe\u010dnosti pre zamestnancov - Bezpe\u010dne vo firme | ESET\",\"isPartOf\":{\"@id\":\"https:\\\/\\\/bezpecnevofirme.eset.com\\\/sk\\\/#website\"},\"primaryImageOfPage\":{\"@id\":\"https:\\\/\\\/bezpecnevofirme.eset.com\\\/sk\\\/skolenie-kybernetickej-bezpecnosti-pre-zamestnancov\\\/#primaryimage\"},\"image\":{\"@id\":\"https:\\\/\\\/bezpecnevofirme.eset.com\\\/sk\\\/skolenie-kybernetickej-bezpecnosti-pre-zamestnancov\\\/#primaryimage\"},\"thumbnailUrl\":\"https:\\\/\\\/bezpecnevofirme.eset.com\\\/sk\\\/wp-content\\\/uploads\\\/sites\\\/2\\\/2024\\\/05\\\/BVF_cover-1.jpg\",\"datePublished\":\"2024-05-28T22:15:08+00:00\",\"dateModified\":\"2024-05-28T22:21:40+00:00\",\"breadcrumb\":{\"@id\":\"https:\\\/\\\/bezpecnevofirme.eset.com\\\/sk\\\/skolenie-kybernetickej-bezpecnosti-pre-zamestnancov\\\/#breadcrumb\"},\"inLanguage\":\"sk-SK\",\"potentialAction\":[{\"@type\":\"ReadAction\",\"target\":[\"https:\\\/\\\/bezpecnevofirme.eset.com\\\/sk\\\/skolenie-kybernetickej-bezpecnosti-pre-zamestnancov\\\/\"]}]},{\"@type\":\"ImageObject\",\"inLanguage\":\"sk-SK\",\"@id\":\"https:\\\/\\\/bezpecnevofirme.eset.com\\\/sk\\\/skolenie-kybernetickej-bezpecnosti-pre-zamestnancov\\\/#primaryimage\",\"url\":\"https:\\\/\\\/bezpecnevofirme.eset.com\\\/sk\\\/wp-content\\\/uploads\\\/sites\\\/2\\\/2024\\\/05\\\/BVF_cover-1.jpg\",\"contentUrl\":\"https:\\\/\\\/bezpecnevofirme.eset.com\\\/sk\\\/wp-content\\\/uploads\\\/sites\\\/2\\\/2024\\\/05\\\/BVF_cover-1.jpg\",\"width\":2500,\"height\":1150},{\"@type\":\"BreadcrumbList\",\"@id\":\"https:\\\/\\\/bezpecnevofirme.eset.com\\\/sk\\\/skolenie-kybernetickej-bezpecnosti-pre-zamestnancov\\\/#breadcrumb\",\"itemListElement\":[{\"@type\":\"ListItem\",\"position\":1,\"name\":\"Domovsk\u00e1 str\u00e1nka\",\"item\":\"https:\\\/\\\/bezpecnevofirme.eset.com\\\/sk\\\/\"},{\"@type\":\"ListItem\",\"position\":2,\"name\":\"\u0160kolenie kybernetickej bezpe\u010dnosti pre zamestnancov\"}]},{\"@type\":\"WebSite\",\"@id\":\"https:\\\/\\\/bezpecnevofirme.eset.com\\\/sk\\\/#website\",\"url\":\"https:\\\/\\\/bezpecnevofirme.eset.com\\\/sk\\\/\",\"name\":\"Bezpe\u010dne vo firme | ESET\",\"description\":\"\",\"publisher\":{\"@id\":\"https:\\\/\\\/bezpecnevofirme.eset.com\\\/sk\\\/#organization\"},\"potentialAction\":[{\"@type\":\"SearchAction\",\"target\":{\"@type\":\"EntryPoint\",\"urlTemplate\":\"https:\\\/\\\/bezpecnevofirme.eset.com\\\/sk\\\/?s={search_term_string}\"},\"query-input\":{\"@type\":\"PropertyValueSpecification\",\"valueRequired\":true,\"valueName\":\"search_term_string\"}}],\"inLanguage\":\"sk-SK\"},{\"@type\":\"Organization\",\"@id\":\"https:\\\/\\\/bezpecnevofirme.eset.com\\\/sk\\\/#organization\",\"name\":\"Bezpe\u010dne vo firme | ESET\",\"url\":\"https:\\\/\\\/bezpecnevofirme.eset.com\\\/sk\\\/\",\"logo\":{\"@type\":\"ImageObject\",\"inLanguage\":\"sk-SK\",\"@id\":\"https:\\\/\\\/bezpecnevofirme.eset.com\\\/sk\\\/#\\\/schema\\\/logo\\\/image\\\/\",\"url\":\"https:\\\/\\\/bezpecnevofirme.eset.com\\\/sk\\\/wp-content\\\/uploads\\\/sites\\\/2\\\/2022\\\/08\\\/BVF_logo_svg_new.svg\",\"contentUrl\":\"https:\\\/\\\/bezpecnevofirme.eset.com\\\/sk\\\/wp-content\\\/uploads\\\/sites\\\/2\\\/2022\\\/08\\\/BVF_logo_svg_new.svg\",\"caption\":\"Bezpe\u010dne vo firme | ESET\"},\"image\":{\"@id\":\"https:\\\/\\\/bezpecnevofirme.eset.com\\\/sk\\\/#\\\/schema\\\/logo\\\/image\\\/\"}}]}<\/script>\n<!-- \/ Yoast SEO plugin. -->","yoast_head_json":{"title":"\u0160kolenie kybernetickej bezpe\u010dnosti pre zamestnancov - Bezpe\u010dne vo firme | ESET","robots":{"index":"index","follow":"follow","max-snippet":"max-snippet:-1","max-image-preview":"max-image-preview:large","max-video-preview":"max-video-preview:-1"},"canonical":"https:\/\/bezpecnevofirme.eset.com\/sk\/skolenie-kybernetickej-bezpecnosti-pre-zamestnancov\/","og_locale":"sk_SK","og_type":"article","og_title":"\u0160kolenie kybernetickej bezpe\u010dnosti pre zamestnancov - Bezpe\u010dne vo firme | ESET","og_description":"Vedeli ste, \u017ee drviv\u00e1 v\u00e4\u010d\u0161ina kybernetick\u00fdch \u00fatokov je sp\u00f4soben\u00e1 \u013eudskou chybou? Vzdel\u00e1vanie zamestnancov je popri technologick\u00fdch rie\u0161eniach k\u013e\u00fa\u010dovou s\u00fa\u010das\u0165ou kybernetickej bezpe\u010dnosti firiem. \u010ci u\u017e ide o&nbsp;pou\u017e\u00edvanie slab\u00fdch hesiel, klikanie na \u0161kodliv\u00e9 odkazy alebo zdie\u013eanie citliv\u00fdch inform\u00e1ci\u00ed, v\u0161etky tieto pre\u0161\u013eapy zamestnancov dok\u00e1\u017eu sp\u00f4sobi\u0165 lav\u00ednu probl\u00e9mov pre cel\u00fa organiz\u00e1ciu. Aby ste neohrozili d\u00e1ta, reput\u00e1ciu, \u010di financie va\u0161ej firmy, pripravili sme pre v\u00e1s bezplatn\u00e9 \u0161kolenie,&hellip;","og_url":"https:\/\/bezpecnevofirme.eset.com\/sk\/skolenie-kybernetickej-bezpecnosti-pre-zamestnancov\/","og_site_name":"Bezpe\u010dne vo firme | ESET","article_modified_time":"2024-05-28T22:21:40+00:00","og_image":[{"width":2500,"height":1150,"url":"https:\/\/bezpecnevofirme.eset.com\/sk\/wp-content\/uploads\/sites\/2\/2024\/05\/BVF_cover-1.jpg","type":"image\/jpeg"}],"twitter_card":"summary_large_image","twitter_misc":{"Predpokladan\u00fd \u010das \u010d\u00edtania":"2 min\u00faty"},"schema":{"@context":"https:\/\/schema.org","@graph":[{"@type":"WebPage","@id":"https:\/\/bezpecnevofirme.eset.com\/sk\/skolenie-kybernetickej-bezpecnosti-pre-zamestnancov\/","url":"https:\/\/bezpecnevofirme.eset.com\/sk\/skolenie-kybernetickej-bezpecnosti-pre-zamestnancov\/","name":"\u0160kolenie kybernetickej bezpe\u010dnosti pre zamestnancov - Bezpe\u010dne vo firme | ESET","isPartOf":{"@id":"https:\/\/bezpecnevofirme.eset.com\/sk\/#website"},"primaryImageOfPage":{"@id":"https:\/\/bezpecnevofirme.eset.com\/sk\/skolenie-kybernetickej-bezpecnosti-pre-zamestnancov\/#primaryimage"},"image":{"@id":"https:\/\/bezpecnevofirme.eset.com\/sk\/skolenie-kybernetickej-bezpecnosti-pre-zamestnancov\/#primaryimage"},"thumbnailUrl":"https:\/\/bezpecnevofirme.eset.com\/sk\/wp-content\/uploads\/sites\/2\/2024\/05\/BVF_cover-1.jpg","datePublished":"2024-05-28T22:15:08+00:00","dateModified":"2024-05-28T22:21:40+00:00","breadcrumb":{"@id":"https:\/\/bezpecnevofirme.eset.com\/sk\/skolenie-kybernetickej-bezpecnosti-pre-zamestnancov\/#breadcrumb"},"inLanguage":"sk-SK","potentialAction":[{"@type":"ReadAction","target":["https:\/\/bezpecnevofirme.eset.com\/sk\/skolenie-kybernetickej-bezpecnosti-pre-zamestnancov\/"]}]},{"@type":"ImageObject","inLanguage":"sk-SK","@id":"https:\/\/bezpecnevofirme.eset.com\/sk\/skolenie-kybernetickej-bezpecnosti-pre-zamestnancov\/#primaryimage","url":"https:\/\/bezpecnevofirme.eset.com\/sk\/wp-content\/uploads\/sites\/2\/2024\/05\/BVF_cover-1.jpg","contentUrl":"https:\/\/bezpecnevofirme.eset.com\/sk\/wp-content\/uploads\/sites\/2\/2024\/05\/BVF_cover-1.jpg","width":2500,"height":1150},{"@type":"BreadcrumbList","@id":"https:\/\/bezpecnevofirme.eset.com\/sk\/skolenie-kybernetickej-bezpecnosti-pre-zamestnancov\/#breadcrumb","itemListElement":[{"@type":"ListItem","position":1,"name":"Domovsk\u00e1 str\u00e1nka","item":"https:\/\/bezpecnevofirme.eset.com\/sk\/"},{"@type":"ListItem","position":2,"name":"\u0160kolenie kybernetickej bezpe\u010dnosti pre zamestnancov"}]},{"@type":"WebSite","@id":"https:\/\/bezpecnevofirme.eset.com\/sk\/#website","url":"https:\/\/bezpecnevofirme.eset.com\/sk\/","name":"Bezpe\u010dne vo firme | ESET","description":"","publisher":{"@id":"https:\/\/bezpecnevofirme.eset.com\/sk\/#organization"},"potentialAction":[{"@type":"SearchAction","target":{"@type":"EntryPoint","urlTemplate":"https:\/\/bezpecnevofirme.eset.com\/sk\/?s={search_term_string}"},"query-input":{"@type":"PropertyValueSpecification","valueRequired":true,"valueName":"search_term_string"}}],"inLanguage":"sk-SK"},{"@type":"Organization","@id":"https:\/\/bezpecnevofirme.eset.com\/sk\/#organization","name":"Bezpe\u010dne vo firme | ESET","url":"https:\/\/bezpecnevofirme.eset.com\/sk\/","logo":{"@type":"ImageObject","inLanguage":"sk-SK","@id":"https:\/\/bezpecnevofirme.eset.com\/sk\/#\/schema\/logo\/image\/","url":"https:\/\/bezpecnevofirme.eset.com\/sk\/wp-content\/uploads\/sites\/2\/2022\/08\/BVF_logo_svg_new.svg","contentUrl":"https:\/\/bezpecnevofirme.eset.com\/sk\/wp-content\/uploads\/sites\/2\/2022\/08\/BVF_logo_svg_new.svg","caption":"Bezpe\u010dne vo firme | ESET"},"image":{"@id":"https:\/\/bezpecnevofirme.eset.com\/sk\/#\/schema\/logo\/image\/"}}]}},"post_mailing_queue_ids":[],"_links":{"self":[{"href":"https:\/\/bezpecnevofirme.eset.com\/sk\/wp-json\/wp\/v2\/pages\/5734","targetHints":{"allow":["GET"]}}],"collection":[{"href":"https:\/\/bezpecnevofirme.eset.com\/sk\/wp-json\/wp\/v2\/pages"}],"about":[{"href":"https:\/\/bezpecnevofirme.eset.com\/sk\/wp-json\/wp\/v2\/types\/page"}],"author":[{"embeddable":true,"href":"https:\/\/bezpecnevofirme.eset.com\/sk\/wp-json\/wp\/v2\/users\/7"}],"replies":[{"embeddable":true,"href":"https:\/\/bezpecnevofirme.eset.com\/sk\/wp-json\/wp\/v2\/comments?post=5734"}],"version-history":[{"count":3,"href":"https:\/\/bezpecnevofirme.eset.com\/sk\/wp-json\/wp\/v2\/pages\/5734\/revisions"}],"predecessor-version":[{"id":5804,"href":"https:\/\/bezpecnevofirme.eset.com\/sk\/wp-json\/wp\/v2\/pages\/5734\/revisions\/5804"}],"wp:featuredmedia":[{"embeddable":true,"href":"https:\/\/bezpecnevofirme.eset.com\/sk\/wp-json\/wp\/v2\/media\/5731"}],"wp:attachment":[{"href":"https:\/\/bezpecnevofirme.eset.com\/sk\/wp-json\/wp\/v2\/media?parent=5734"}],"curies":[{"name":"wp","href":"https:\/\/api.w.org\/{rel}","templated":true}]}}